{"id":183,"date":"2019-05-25T22:01:15","date_gmt":"2019-05-25T20:01:15","guid":{"rendered":"http:\/\/pruszkowiacy.pl\/?page_id=183"},"modified":"2025-07-01T15:32:03","modified_gmt":"2025-07-01T13:32:03","slug":"nabory","status":"publish","type":"page","link":"https:\/\/pruszkowiacy.pl\/index.php\/nabory\/","title":{"rendered":"Nabory"},"content":{"rendered":"\n<p>Obecnie Zesp\u00f3\u0142 nie prowadzi nabor\u00f3w. Zach\u0119camy jednak do \u015bledzenia naszego funpage&#8217;a na FB, aby by\u0107 na bie\u017c\u0105co \ud83d\ude42<\/p>\n","protected":false},"excerpt":{"rendered":"<p>Obecnie Zesp\u00f3\u0142 nie prowadzi nabor\u00f3w. Zach\u0119camy jednak do \u015bledzenia naszego funpage&#8217;a na FB, aby by\u0107 na bie\u017c\u0105co \ud83d\ude42<\/p>\n","protected":false},"author":1,"featured_media":0,"parent":0,"menu_order":0,"comment_status":"closed","ping_status":"closed","template":"","meta":{"footnotes":""},"class_list":["post-183","page","type-page","status-publish","hentry"],"_links":{"self":[{"href":"https:\/\/pruszkowiacy.pl\/index.php\/wp-json\/wp\/v2\/pages\/183","targetHints":{"allow":["GET"]}}],"collection":[{"href":"https:\/\/pruszkowiacy.pl\/index.php\/wp-json\/wp\/v2\/pages"}],"about":[{"href":"https:\/\/pruszkowiacy.pl\/index.php\/wp-json\/wp\/v2\/types\/page"}],"author":[{"embeddable":true,"href":"https:\/\/pruszkowiacy.pl\/index.php\/wp-json\/wp\/v2\/users\/1"}],"replies":[{"embeddable":true,"href":"https:\/\/pruszkowiacy.pl\/index.php\/wp-json\/wp\/v2\/comments?post=183"}],"version-history":[{"count":40,"href":"https:\/\/pruszkowiacy.pl\/index.php\/wp-json\/wp\/v2\/pages\/183\/revisions"}],"predecessor-version":[{"id":735,"href":"https:\/\/pruszkowiacy.pl\/index.php\/wp-json\/wp\/v2\/pages\/183\/revisions\/735"}],"wp:attachment":[{"href":"https:\/\/pruszkowiacy.pl\/index.php\/wp-json\/wp\/v2\/media?parent=183"}],"curies":[{"name":"wp","href":"https:\/\/api.w.org\/{rel}","templated":true}]}}