{"id":2,"date":"2019-03-31T14:47:38","date_gmt":"2019-03-31T14:47:38","guid":{"rendered":"http:\/\/pruszkowiacy.pl\/?page_id=2"},"modified":"2025-08-22T15:18:56","modified_gmt":"2025-08-22T13:18:56","slug":"nasze-zajecia","status":"publish","type":"page","link":"https:\/\/pruszkowiacy.pl\/index.php\/nasze-zajecia\/","title":{"rendered":"Nasze zaj\u0119cia"},"content":{"rendered":"\n<p><\/p>\n\n\n\n<p><strong>PRUSZKOWIACY &#8211; GRUPY SZKOLNE  &#8211; od 6 roku \u017cycia <\/strong><\/p>\n\n\n\n<figure class=\"wp-block-image is-resized\"><img loading=\"lazy\" decoding=\"async\" width=\"1024\" height=\"229\" src=\"https:\/\/pruszkowiacy.pl\/wp-content\/uploads\/2019\/04\/razem-1024x229.png\" alt=\"\" class=\"wp-image-156\" style=\"width:726px;height:162px\" srcset=\"https:\/\/pruszkowiacy.pl\/wp-content\/uploads\/2019\/04\/razem-1024x229.png 1024w, https:\/\/pruszkowiacy.pl\/wp-content\/uploads\/2019\/04\/razem-300x67.png 300w, https:\/\/pruszkowiacy.pl\/wp-content\/uploads\/2019\/04\/razem-768x171.png 768w, https:\/\/pruszkowiacy.pl\/wp-content\/uploads\/2019\/04\/razem.png 1864w\" sizes=\"auto, (max-width: 767px) 89vw, (max-width: 1000px) 54vw, (max-width: 1071px) 543px, 580px\" \/><\/figure>\n\n\n\n<p>Z jednej strony \u201ePruszkowiacy\u201d to ponad 45 lat istnienia zespo\u0142u, niezliczone koncerty <br>w Polsce i na ca\u0142ym \u015bwiecie, folklor kilkunastu region\u00f3w z kraju i z zagranicy.  A z drugiej strony \u201ePruszkowiacy\u201d to zabawa, przyja\u017anie i wspaniale sp\u0119dzony czas podczas wsp\u00f3lnego ta\u0144ca i \u015bpiewu. To niezapomniane chwile, rado\u015b\u0107 koncertowania i wiele ciekawych wydarze\u0144 organizowanych przez Zesp\u00f3\u0142.<\/p>\n\n\n\n<p><strong>Zaj\u0119cia odbywaj\u0105 si\u0119 w sze\u015bciu grupach taneczno-wokalnych, dwa razy w tygodniu<\/strong>: <\/p>\n\n\n\n<p><strong>Poniedzia\u0142ek i \u015broda w godzinach:<\/strong><br>Poniedzia\u0142ek: 17:00-19:00, 18:00-20:00, 19:00-21:00 <br>\u015aroda: 17:00-18:00, 18:00-19:00, 19:00-20:00<\/p>\n\n\n\n<p><strong>Wtorek i czwartek w godzinach:<\/strong><br>Wtorek: 17:00-18:00, 18:00-19:00, 19:00-20:00<br>Czwartek: 17:00-19:00, 19:00-21:00<br><br><em>Cena: 200 z\u0142 za miesi\u0105c.<\/em><\/p>\n\n\n\n<p>&#8212;&#8212;&#8212;&#8212;&#8212;&#8212;&#8212;&#8212;&#8212;&#8212;&#8212;&#8212;&#8212;&#8212;&#8212;&#8212;&#8212;&#8212;&#8212;&#8212;&#8212;&#8212;&#8212;&#8212;&#8212;&#8212;&#8212;&#8212;&#8212;&#8212;&#8212;&#8212;&#8212;&#8212;&#8212;<\/p>\n\n\n\n<p><strong>PRUSZKOWIACY &#8211; GRUPA DOROS\u0141A<\/strong><\/p>\n\n\n\n<figure class=\"wp-block-image is-resized\"><img loading=\"lazy\" decoding=\"async\" width=\"901\" height=\"185\" src=\"https:\/\/pruszkowiacy.pl\/wp-content\/uploads\/2020\/09\/GRUPA_DOROSLA.png\" alt=\"\" class=\"wp-image-247\" style=\"width:738px;height:151px\" srcset=\"https:\/\/pruszkowiacy.pl\/wp-content\/uploads\/2020\/09\/GRUPA_DOROSLA.png 901w, https:\/\/pruszkowiacy.pl\/wp-content\/uploads\/2020\/09\/GRUPA_DOROSLA-300x62.png 300w, https:\/\/pruszkowiacy.pl\/wp-content\/uploads\/2020\/09\/GRUPA_DOROSLA-768x158.png 768w\" sizes=\"auto, (max-width: 767px) 89vw, (max-width: 1000px) 54vw, (max-width: 1071px) 543px, 580px\" \/><\/figure>\n\n\n\n<p>Grupa sk\u0142adaj\u0105ca si\u0119 z doros\u0142ych, najbardziej do\u015bwiadczonych tancerzy Zespo\u0142u. Na scenie prezentuje taniec, \u015bpiew i muzyk\u0119 z 14 region\u00f3w polski i folklor 5 innych pa\u0144stw. To wieloletni tancerze \u201ePruszkowiak\u00f3w\u201d, a tak\u017ce byli uczestnicy innych zespo\u0142\u00f3w.&nbsp;<\/p>\n\n\n\n<p><strong>Zaj\u0119cia odbywaj\u0105 si\u0119 dwa razy w tygodniu:<br>wtorek w godzinach 20:00-22:00<br>czwartek w godzinach 19:00-22:00<\/strong><br><br><em>Cena: 100 z\u0142 za miesi\u0105c.<\/em><\/p>\n\n\n\n<p><\/p>\n\n\n\n<p><\/p>\n\n\n\n<p><\/p>\n","protected":false},"excerpt":{"rendered":"<p>PRUSZKOWIACY &#8211; GRUPY SZKOLNE &#8211; od 6 roku \u017cycia Z jednej strony \u201ePruszkowiacy\u201d to ponad 45 lat istnienia zespo\u0142u, niezliczone koncerty w Polsce i na ca\u0142ym \u015bwiecie, folklor kilkunastu region\u00f3w z kraju i z zagranicy. A z drugiej strony \u201ePruszkowiacy\u201d to zabawa, przyja\u017anie i wspaniale sp\u0119dzony czas podczas wsp\u00f3lnego ta\u0144ca i \u015bpiewu. To niezapomniane chwile, &hellip; <\/p>\n<p class=\"link-more\"><a href=\"https:\/\/pruszkowiacy.pl\/index.php\/nasze-zajecia\/\" class=\"more-link\">Czytaj dalej<span class=\"screen-reader-text\"> \u201eNasze zaj\u0119cia\u201d<\/span><\/a><\/p>\n","protected":false},"author":1,"featured_media":158,"parent":0,"menu_order":0,"comment_status":"closed","ping_status":"open","template":"","meta":{"footnotes":""},"class_list":["post-2","page","type-page","status-publish","has-post-thumbnail","hentry"],"_links":{"self":[{"href":"https:\/\/pruszkowiacy.pl\/index.php\/wp-json\/wp\/v2\/pages\/2","targetHints":{"allow":["GET"]}}],"collection":[{"href":"https:\/\/pruszkowiacy.pl\/index.php\/wp-json\/wp\/v2\/pages"}],"about":[{"href":"https:\/\/pruszkowiacy.pl\/index.php\/wp-json\/wp\/v2\/types\/page"}],"author":[{"embeddable":true,"href":"https:\/\/pruszkowiacy.pl\/index.php\/wp-json\/wp\/v2\/users\/1"}],"replies":[{"embeddable":true,"href":"https:\/\/pruszkowiacy.pl\/index.php\/wp-json\/wp\/v2\/comments?post=2"}],"version-history":[{"count":41,"href":"https:\/\/pruszkowiacy.pl\/index.php\/wp-json\/wp\/v2\/pages\/2\/revisions"}],"predecessor-version":[{"id":755,"href":"https:\/\/pruszkowiacy.pl\/index.php\/wp-json\/wp\/v2\/pages\/2\/revisions\/755"}],"wp:featuredmedia":[{"embeddable":true,"href":"https:\/\/pruszkowiacy.pl\/index.php\/wp-json\/wp\/v2\/media\/158"}],"wp:attachment":[{"href":"https:\/\/pruszkowiacy.pl\/index.php\/wp-json\/wp\/v2\/media?parent=2"}],"curies":[{"name":"wp","href":"https:\/\/api.w.org\/{rel}","templated":true}]}}