{"id":280,"date":"2022-01-14T19:35:54","date_gmt":"2022-01-14T18:35:54","guid":{"rendered":"http:\/\/pruszkowiacy.pl\/?page_id=280"},"modified":"2026-04-02T17:08:25","modified_gmt":"2026-04-02T15:08:25","slug":"koncerty","status":"publish","type":"page","link":"https:\/\/pruszkowiacy.pl\/index.php\/koncerty\/","title":{"rendered":"Koncerty"},"content":{"rendered":"\n<figure class=\"wp-block-image size-large\"><img loading=\"lazy\" decoding=\"async\" width=\"711\" height=\"1024\" src=\"https:\/\/pruszkowiacy.pl\/wp-content\/uploads\/2026\/04\/plakat-z-okazji-Miedzynarodowego-Dnia-Tanca-711x1024.jpg\" alt=\"\" class=\"wp-image-822\" srcset=\"https:\/\/pruszkowiacy.pl\/wp-content\/uploads\/2026\/04\/plakat-z-okazji-Miedzynarodowego-Dnia-Tanca-711x1024.jpg 711w, https:\/\/pruszkowiacy.pl\/wp-content\/uploads\/2026\/04\/plakat-z-okazji-Miedzynarodowego-Dnia-Tanca-208x300.jpg 208w, https:\/\/pruszkowiacy.pl\/wp-content\/uploads\/2026\/04\/plakat-z-okazji-Miedzynarodowego-Dnia-Tanca-768x1107.jpg 768w, https:\/\/pruszkowiacy.pl\/wp-content\/uploads\/2026\/04\/plakat-z-okazji-Miedzynarodowego-Dnia-Tanca-1066x1536.jpg 1066w, https:\/\/pruszkowiacy.pl\/wp-content\/uploads\/2026\/04\/plakat-z-okazji-Miedzynarodowego-Dnia-Tanca-1421x2048.jpg 1421w, https:\/\/pruszkowiacy.pl\/wp-content\/uploads\/2026\/04\/plakat-z-okazji-Miedzynarodowego-Dnia-Tanca-scaled.jpg 1777w\" sizes=\"auto, (max-width: 711px) 100vw, 711px\" \/><\/figure>\n\n\n\n<p>18 kwietnia o godz. 18:00 w Centrum Dziedzictwa Kulturowego odb\u0119dzie si\u0119 wyj\u0105tkowy koncert z okazji Mi\u0119dzynarodowego Dnia Ta\u0144ca w wykonaniu ZTL Pruszkowiacy.<\/p>\n\n\n\n<p>Koncert b\u0119dzie barwn\u0105, muzyczno-taneczn\u0105 opowie\u015bci\u0105 o bogactwie polskiej tradycji. Publiczno\u015b\u0107 zobaczy imponuj\u0105c\u0105 kolekcj\u0119 blisko 500 kostium\u00f3w, a ca\u0142o\u015b\u0107 programu inspirowana jest folklorem 15 region\u00f3w Polski.<\/p>\n\n\n\n<p>Na scenie zaprezentuje si\u0119 a\u017c 180 artyst\u00f3w \u2013 tancerzy, \u015bpiewak\u00f3w i muzyk\u00f3w \u2013 tworz\u0105cych widowisko inspirowane polskim folklorem.<\/p>\n\n\n\n<p>Wydarzenie stanowi doskona\u0142\u0105 okazj\u0119 do spotkania z \u017cyw\u0105 kultur\u0105 ludow\u0105 w nowoczesnej, scenicznej formie oraz do wsp\u00f3lnego \u015bwi\u0119towania Mi\u0119dzynarodowego Dnia Ta\u0144ca.<\/p>\n\n\n\n<p>Dystrybucja bilet\u00f3w odb\u0119dzie si\u0119 online.<br>\u2022 Start sprzeda\u017cy: \u015broda, 08 kwietnia 2026 r., o godz. 18:00.<br>\u2022 Platforma: <a href=\"https:\/\/biletyna.pl\/\" data-type=\"link\" data-id=\"https:\/\/biletyna.pl\/\">biletyna.pl<\/a><br>\u2022 Bezpo\u015bredni link: <a href=\"https:\/\/bilety.io\/6tt91\">https:\/\/bilety.io\/6tt91<\/a><br>\u2022 Cena: 34,99 z\u0142 (z op\u0142at\u0105 serwisow\u0105).<\/p>\n\n\n\n<hr class=\"wp-block-separator has-alpha-channel-opacity\"\/>\n\n\n\n<p style=\"font-size:14px\"><strong><a href=\"https:\/\/pruszkowiacy.pl\/index.php\/planowane-wydarzenia\/\" data-type=\"link\" data-id=\"https:\/\/pruszkowiacy.pl\/index.php\/planowane-wydarzenia\/\">PLANOWANE WYDARZENIA<\/a><\/strong><\/p>\n\n\n\n<p><\/p>\n","protected":false},"excerpt":{"rendered":"<p>18 kwietnia o godz. 18:00 w Centrum Dziedzictwa Kulturowego odb\u0119dzie si\u0119 wyj\u0105tkowy koncert z okazji Mi\u0119dzynarodowego Dnia Ta\u0144ca w wykonaniu ZTL Pruszkowiacy. Koncert b\u0119dzie barwn\u0105, muzyczno-taneczn\u0105 opowie\u015bci\u0105 o bogactwie polskiej tradycji. Publiczno\u015b\u0107 zobaczy imponuj\u0105c\u0105 kolekcj\u0119 blisko 500 kostium\u00f3w, a ca\u0142o\u015b\u0107 programu inspirowana jest folklorem 15 region\u00f3w Polski. Na scenie zaprezentuje si\u0119 a\u017c 180 artyst\u00f3w \u2013 &hellip; <\/p>\n<p class=\"link-more\"><a href=\"https:\/\/pruszkowiacy.pl\/index.php\/koncerty\/\" class=\"more-link\">Czytaj dalej<span class=\"screen-reader-text\"> \u201eKoncerty\u201d<\/span><\/a><\/p>\n","protected":false},"author":1,"featured_media":0,"parent":0,"menu_order":0,"comment_status":"closed","ping_status":"closed","template":"","meta":{"footnotes":""},"class_list":["post-280","page","type-page","status-publish","hentry"],"_links":{"self":[{"href":"https:\/\/pruszkowiacy.pl\/index.php\/wp-json\/wp\/v2\/pages\/280","targetHints":{"allow":["GET"]}}],"collection":[{"href":"https:\/\/pruszkowiacy.pl\/index.php\/wp-json\/wp\/v2\/pages"}],"about":[{"href":"https:\/\/pruszkowiacy.pl\/index.php\/wp-json\/wp\/v2\/types\/page"}],"author":[{"embeddable":true,"href":"https:\/\/pruszkowiacy.pl\/index.php\/wp-json\/wp\/v2\/users\/1"}],"replies":[{"embeddable":true,"href":"https:\/\/pruszkowiacy.pl\/index.php\/wp-json\/wp\/v2\/comments?post=280"}],"version-history":[{"count":130,"href":"https:\/\/pruszkowiacy.pl\/index.php\/wp-json\/wp\/v2\/pages\/280\/revisions"}],"predecessor-version":[{"id":824,"href":"https:\/\/pruszkowiacy.pl\/index.php\/wp-json\/wp\/v2\/pages\/280\/revisions\/824"}],"wp:attachment":[{"href":"https:\/\/pruszkowiacy.pl\/index.php\/wp-json\/wp\/v2\/media?parent=280"}],"curies":[{"name":"wp","href":"https:\/\/api.w.org\/{rel}","templated":true}]}}