{"id":72,"date":"2019-03-31T16:53:41","date_gmt":"2019-03-31T14:53:41","guid":{"rendered":"http:\/\/pruszkowiacy.pl\/?page_id=72"},"modified":"2026-04-20T19:06:36","modified_gmt":"2026-04-20T17:06:36","slug":"strona-glowna","status":"publish","type":"page","link":"https:\/\/pruszkowiacy.pl\/","title":{"rendered":"Strona g\u0142\u00f3wna"},"content":{"rendered":"\n<figure class=\"wp-block-image size-full\"><img loading=\"lazy\" decoding=\"async\" width=\"800\" height=\"436\" src=\"https:\/\/pruszkowiacy.pl\/wp-content\/uploads\/2026\/04\/IVPFOD.jpg\" alt=\"\" class=\"wp-image-834\" srcset=\"https:\/\/pruszkowiacy.pl\/wp-content\/uploads\/2026\/04\/IVPFOD.jpg 800w, https:\/\/pruszkowiacy.pl\/wp-content\/uploads\/2026\/04\/IVPFOD-300x164.jpg 300w, https:\/\/pruszkowiacy.pl\/wp-content\/uploads\/2026\/04\/IVPFOD-768x419.jpg 768w\" sizes=\"auto, (max-width: 767px) 89vw, (max-width: 1000px) 54vw, (max-width: 1071px) 543px, 580px\" \/><\/figure>\n\n\n\n<p><strong><a href=\"https:\/\/pruszkowiacy.pl\/index.php\/pfod\/\" data-type=\"page\" data-id=\"829\">Szczeg\u00f3\u0142y<\/a><\/strong><\/p>\n\n\n\n<hr class=\"wp-block-separator has-alpha-channel-opacity\"\/>\n\n\n\n<div class=\"wp-block-media-text alignwide\" style=\"grid-template-columns:45% auto\"><figure class=\"wp-block-media-text__media\"><img loading=\"lazy\" decoding=\"async\" width=\"1000\" height=\"1000\" src=\"https:\/\/pruszkowiacy.pl\/wp-content\/uploads\/2019\/05\/ZTL-Pruszkowiacy-x1.jpg\" alt=\"\" class=\"wp-image-176 size-full\" srcset=\"https:\/\/pruszkowiacy.pl\/wp-content\/uploads\/2019\/05\/ZTL-Pruszkowiacy-x1.jpg 1000w, https:\/\/pruszkowiacy.pl\/wp-content\/uploads\/2019\/05\/ZTL-Pruszkowiacy-x1-150x150.jpg 150w, https:\/\/pruszkowiacy.pl\/wp-content\/uploads\/2019\/05\/ZTL-Pruszkowiacy-x1-300x300.jpg 300w, https:\/\/pruszkowiacy.pl\/wp-content\/uploads\/2019\/05\/ZTL-Pruszkowiacy-x1-768x768.jpg 768w, https:\/\/pruszkowiacy.pl\/wp-content\/uploads\/2019\/05\/ZTL-Pruszkowiacy-x1-100x100.jpg 100w\" sizes=\"auto, (max-width: 767px) 89vw, (max-width: 1000px) 54vw, (max-width: 1071px) 543px, 580px\" \/><\/figure><div class=\"wp-block-media-text__content\">\n<p class=\"has-text-align-center\">Witamy w \u015bwiecie muzyki, ta\u0144ca i sztuki ludowej. Poznacie z nami bogactwa polskiej, a tak\u017ce zagranicznej kultury i tradycji.<\/p>\n<\/div><\/div>\n","protected":false},"excerpt":{"rendered":"<p>Szczeg\u00f3\u0142y Witamy w \u015bwiecie muzyki, ta\u0144ca i sztuki ludowej. Poznacie z nami bogactwa polskiej, a tak\u017ce zagranicznej kultury i tradycji.<\/p>\n","protected":false},"author":1,"featured_media":100,"parent":0,"menu_order":0,"comment_status":"closed","ping_status":"closed","template":"","meta":{"footnotes":""},"class_list":["post-72","page","type-page","status-publish","has-post-thumbnail","hentry"],"_links":{"self":[{"href":"https:\/\/pruszkowiacy.pl\/index.php\/wp-json\/wp\/v2\/pages\/72","targetHints":{"allow":["GET"]}}],"collection":[{"href":"https:\/\/pruszkowiacy.pl\/index.php\/wp-json\/wp\/v2\/pages"}],"about":[{"href":"https:\/\/pruszkowiacy.pl\/index.php\/wp-json\/wp\/v2\/types\/page"}],"author":[{"embeddable":true,"href":"https:\/\/pruszkowiacy.pl\/index.php\/wp-json\/wp\/v2\/users\/1"}],"replies":[{"embeddable":true,"href":"https:\/\/pruszkowiacy.pl\/index.php\/wp-json\/wp\/v2\/comments?post=72"}],"version-history":[{"count":9,"href":"https:\/\/pruszkowiacy.pl\/index.php\/wp-json\/wp\/v2\/pages\/72\/revisions"}],"predecessor-version":[{"id":841,"href":"https:\/\/pruszkowiacy.pl\/index.php\/wp-json\/wp\/v2\/pages\/72\/revisions\/841"}],"wp:featuredmedia":[{"embeddable":true,"href":"https:\/\/pruszkowiacy.pl\/index.php\/wp-json\/wp\/v2\/media\/100"}],"wp:attachment":[{"href":"https:\/\/pruszkowiacy.pl\/index.php\/wp-json\/wp\/v2\/media?parent=72"}],"curies":[{"name":"wp","href":"https:\/\/api.w.org\/{rel}","templated":true}]}}