{"id":73,"date":"2019-03-31T16:53:41","date_gmt":"2019-03-31T14:53:41","guid":{"rendered":"http:\/\/pruszkowiacy.pl\/?page_id=73"},"modified":"2026-02-25T00:18:51","modified_gmt":"2026-02-24T23:18:51","slug":"o-nas","status":"publish","type":"page","link":"https:\/\/pruszkowiacy.pl\/index.php\/o-nas\/","title":{"rendered":"O nas"},"content":{"rendered":"<p class=\"_2cuy _3dgx _2vxa\" style=\"text-align: left;\"><span class=\"_4yxp\">Zesp\u00f3\u0142 Ta\u0144ca Ludowego &#8222;Pruszkowiacy&#8221; rozpocz\u0105\u0142 dzia\u0142alno\u015b\u0107 na jesieni 1978 r. przy M\u0142odzie\u017cowym Domu Kultury w Pruszkowie z inicjatywy Danuty Ja\u015bkiewicz. <\/span><\/p>\n<p class=\"_2cuy _3dgx _2vxa\" style=\"text-align: left;\"><span class=\"_4yxp\">Przez 45 lat istnienia Zesp\u00f3\u0142 wielokrotnie koncertowa\u0142 w kraju i zagranic\u0105 prezentuj\u0105c folklor z kilkunastu region\u00f3w Polski. W repertuarze znalaz\u0142y si\u0119 r\u00f3wnie\u017c ta\u0144ce mo\u0142dawskie, ukrai\u0144skie, rosyjskie czy gruzi\u0144skie. \u201cPruszkowiacy\u201d zdobyli wiele nagr\u00f3d na festiwalach og\u00f3lnopolskich i mi\u0119dzynarodowych.<\/span><\/p>\n<p class=\"_2cuy _3dgx _2vxa\" style=\"text-align: left;\"><span class=\"_4yxp\">Zesp\u00f3\u0142 prowadzi zaj\u0119cia z ta\u0144ca i \u015bpiewu dla r\u00f3\u017cnych grup wiekowych dzieci i m\u0142odzie\u017cy. Grono wykwalifikowanej kadry instruktorskiej wprowadza uczestnik\u00f3w w cudowny \u015bwiat muzyki, ta\u0144ca i sztuki ludowej, a cz\u0142onkowie zespo\u0142u maj\u0105 mo\u017cliwo\u015b\u0107 poznania bogactwa polskiej, a tak\u017ce zagranicznej, kultury i tradycji. <\/span><\/p>\n<div class=\"_2cuy _3dgx _2vxa\" style=\"text-align: left;\"><span class=\"_4yxp\">\u201cPruszkowiacy\u201d to nie tylko ciekawe zaj\u0119cia i niezapomniane koncerty, ale tak\u017ce dobra zabawa i przyja\u017anie, kt\u00f3re zostaj\u0105 na ca\u0142e \u017cycie. <\/span><\/div>\n\n\n<hr class=\"wp-block-separator has-alpha-channel-opacity\"\/>\n\n\n\n<p><strong>Nasze publikacje<\/strong><\/p>\n\n\n\n<div class=\"wp-block-columns is-layout-flex wp-container-core-columns-is-layout-9d6595d7 wp-block-columns-is-layout-flex\">\n<div class=\"wp-block-column is-layout-flow wp-block-column-is-layout-flow\">\n<figure class=\"wp-block-image size-full\"><img loading=\"lazy\" decoding=\"async\" width=\"811\" height=\"745\" src=\"https:\/\/pruszkowiacy.pl\/wp-content\/uploads\/2024\/12\/front.jpg\" alt=\"\" class=\"wp-image-673\" srcset=\"https:\/\/pruszkowiacy.pl\/wp-content\/uploads\/2024\/12\/front.jpg 811w, https:\/\/pruszkowiacy.pl\/wp-content\/uploads\/2024\/12\/front-300x276.jpg 300w, https:\/\/pruszkowiacy.pl\/wp-content\/uploads\/2024\/12\/front-768x705.jpg 768w\" sizes=\"auto, (max-width: 767px) 89vw, (max-width: 1000px) 54vw, (max-width: 1071px) 543px, 580px\" \/><\/figure>\n<\/div>\n\n\n\n<div class=\"wp-block-column is-layout-flow wp-block-column-is-layout-flow\">\n<figure data-wp-context=\"{&quot;imageId&quot;:&quot;69e34aef4c2b4&quot;}\" data-wp-interactive=\"core\/image\" data-wp-key=\"69e34aef4c2b4\" class=\"wp-block-image size-full is-resized wp-lightbox-container\"><img loading=\"lazy\" decoding=\"async\" width=\"861\" height=\"738\" data-wp-class--hide=\"state.isContentHidden\" data-wp-class--show=\"state.isContentVisible\" data-wp-init=\"callbacks.setButtonStyles\" data-wp-on--click=\"actions.showLightbox\" data-wp-on--load=\"callbacks.setButtonStyles\" data-wp-on-window--resize=\"callbacks.setButtonStyles\" src=\"https:\/\/pruszkowiacy.pl\/wp-content\/uploads\/2024\/12\/rewers.jpg\" alt=\"\" class=\"wp-image-674\" style=\"width:343px;height:auto\" srcset=\"https:\/\/pruszkowiacy.pl\/wp-content\/uploads\/2024\/12\/rewers.jpg 861w, https:\/\/pruszkowiacy.pl\/wp-content\/uploads\/2024\/12\/rewers-300x257.jpg 300w, https:\/\/pruszkowiacy.pl\/wp-content\/uploads\/2024\/12\/rewers-768x658.jpg 768w\" sizes=\"auto, (max-width: 767px) 89vw, (max-width: 1000px) 54vw, (max-width: 1071px) 543px, 580px\" \/><button\n\t\t\tclass=\"lightbox-trigger\"\n\t\t\ttype=\"button\"\n\t\t\taria-haspopup=\"dialog\"\n\t\t\taria-label=\"Powi\u0119ksz\"\n\t\t\tdata-wp-init=\"callbacks.initTriggerButton\"\n\t\t\tdata-wp-on--click=\"actions.showLightbox\"\n\t\t\tdata-wp-style--right=\"state.imageButtonRight\"\n\t\t\tdata-wp-style--top=\"state.imageButtonTop\"\n\t\t>\n\t\t\t<svg xmlns=\"http:\/\/www.w3.org\/2000\/svg\" width=\"12\" height=\"12\" fill=\"none\" viewBox=\"0 0 12 12\">\n\t\t\t\t<path fill=\"#fff\" d=\"M2 0a2 2 0 0 0-2 2v2h1.5V2a.5.5 0 0 1 .5-.5h2V0H2Zm2 10.5H2a.5.5 0 0 1-.5-.5V8H0v2a2 2 0 0 0 2 2h2v-1.5ZM8 12v-1.5h2a.5.5 0 0 0 .5-.5V8H12v2a2 2 0 0 1-2 2H8Zm2-12a2 2 0 0 1 2 2v2h-1.5V2a.5.5 0 0 0-.5-.5H8V0h2Z\" \/>\n\t\t\t<\/svg>\n\t\t<\/button><\/figure>\n<\/div>\n<\/div>\n\n\n\n<p>&#8222;GORE GWIAZDA&#8221; to p\u0142yta z koncertem kol\u0119d i pastora\u0142ek w wykonaniu Zespo\u0142u Ta\u0144ca Ludowego &#8222;Pruszkowiacy&#8221;. Koncert zosta\u0142 zarejestrowany 6.01.2024 roku w ko\u015bciele pw. \u015awi\u0119tego J\u00f3zefa Oblubie\u0144ca w Pruszkowie.       <\/p>\n\n\n\n<p>P\u0142yta zosta\u0142a wydana 20.12.2024.<\/p>\n\n\n\n<p>Partnerem wydarzenia jest Samorz\u0105d Wojew\u00f3dztwa Mazowieckiego.<\/p>\n\n\n\n<figure class=\"wp-block-image size-full is-resized\"><img loading=\"lazy\" decoding=\"async\" width=\"375\" height=\"133\" src=\"https:\/\/pruszkowiacy.pl\/wp-content\/uploads\/2023\/12\/25latMazowsze.png\" alt=\"\" class=\"wp-image-560\" style=\"width:203px;height:auto\" srcset=\"https:\/\/pruszkowiacy.pl\/wp-content\/uploads\/2023\/12\/25latMazowsze.png 375w, https:\/\/pruszkowiacy.pl\/wp-content\/uploads\/2023\/12\/25latMazowsze-300x106.png 300w\" sizes=\"auto, (max-width: 375px) 100vw, 375px\" \/><\/figure>\n","protected":false},"excerpt":{"rendered":"<p>Zesp\u00f3\u0142 Ta\u0144ca Ludowego &#8222;Pruszkowiacy&#8221; rozpocz\u0105\u0142 dzia\u0142alno\u015b\u0107 na jesieni 1978 r. przy M\u0142odzie\u017cowym Domu Kultury w Pruszkowie z inicjatywy Danuty Ja\u015bkiewicz. Przez 45 lat istnienia Zesp\u00f3\u0142 wielokrotnie koncertowa\u0142 w kraju i zagranic\u0105 prezentuj\u0105c folklor z kilkunastu region\u00f3w Polski. W repertuarze znalaz\u0142y si\u0119 r\u00f3wnie\u017c ta\u0144ce mo\u0142dawskie, ukrai\u0144skie, rosyjskie czy gruzi\u0144skie. \u201cPruszkowiacy\u201d zdobyli wiele nagr\u00f3d na festiwalach og\u00f3lnopolskich &hellip; <\/p>\n<p class=\"link-more\"><a href=\"https:\/\/pruszkowiacy.pl\/index.php\/o-nas\/\" class=\"more-link\">Czytaj dalej<span class=\"screen-reader-text\"> \u201eO nas\u201d<\/span><\/a><\/p>\n","protected":false},"author":1,"featured_media":104,"parent":0,"menu_order":0,"comment_status":"closed","ping_status":"closed","template":"","meta":{"footnotes":""},"class_list":["post-73","page","type-page","status-publish","has-post-thumbnail","hentry"],"_links":{"self":[{"href":"https:\/\/pruszkowiacy.pl\/index.php\/wp-json\/wp\/v2\/pages\/73","targetHints":{"allow":["GET"]}}],"collection":[{"href":"https:\/\/pruszkowiacy.pl\/index.php\/wp-json\/wp\/v2\/pages"}],"about":[{"href":"https:\/\/pruszkowiacy.pl\/index.php\/wp-json\/wp\/v2\/types\/page"}],"author":[{"embeddable":true,"href":"https:\/\/pruszkowiacy.pl\/index.php\/wp-json\/wp\/v2\/users\/1"}],"replies":[{"embeddable":true,"href":"https:\/\/pruszkowiacy.pl\/index.php\/wp-json\/wp\/v2\/comments?post=73"}],"version-history":[{"count":15,"href":"https:\/\/pruszkowiacy.pl\/index.php\/wp-json\/wp\/v2\/pages\/73\/revisions"}],"predecessor-version":[{"id":817,"href":"https:\/\/pruszkowiacy.pl\/index.php\/wp-json\/wp\/v2\/pages\/73\/revisions\/817"}],"wp:featuredmedia":[{"embeddable":true,"href":"https:\/\/pruszkowiacy.pl\/index.php\/wp-json\/wp\/v2\/media\/104"}],"wp:attachment":[{"href":"https:\/\/pruszkowiacy.pl\/index.php\/wp-json\/wp\/v2\/media?parent=73"}],"curies":[{"name":"wp","href":"https:\/\/api.w.org\/{rel}","templated":true}]}}