{"id":782,"date":"2025-10-28T18:04:56","date_gmt":"2025-10-28T17:04:56","guid":{"rendered":"https:\/\/pruszkowiacy.pl\/?page_id=782"},"modified":"2025-10-28T18:16:14","modified_gmt":"2025-10-28T17:16:14","slug":"projekty-realizowane-w-ramach-kpo","status":"publish","type":"page","link":"https:\/\/pruszkowiacy.pl\/index.php\/projekty-realizowane-w-ramach-kpo\/","title":{"rendered":"Projekty realizowane w\u00a0ramach KPO"},"content":{"rendered":"\n<figure class=\"wp-block-image size-large\"><img loading=\"lazy\" decoding=\"async\" width=\"1024\" height=\"130\" src=\"https:\/\/pruszkowiacy.pl\/wp-content\/uploads\/2025\/10\/KPO-1024x130.jpg\" alt=\"\" class=\"wp-image-784\" srcset=\"https:\/\/pruszkowiacy.pl\/wp-content\/uploads\/2025\/10\/KPO-1024x130.jpg 1024w, https:\/\/pruszkowiacy.pl\/wp-content\/uploads\/2025\/10\/KPO-300x38.jpg 300w, https:\/\/pruszkowiacy.pl\/wp-content\/uploads\/2025\/10\/KPO-768x97.jpg 768w, https:\/\/pruszkowiacy.pl\/wp-content\/uploads\/2025\/10\/KPO.jpg 1494w\" sizes=\"auto, (max-width: 767px) 89vw, (max-width: 1000px) 54vw, (max-width: 1071px) 543px, 580px\" \/><\/figure>\n\n\n\n<p><strong>Tytu\u0142 Przedsi\u0119wzi\u0119cia<\/strong><\/p>\n\n\n\n<p>Kol\u0119dy 2.0<\/p>\n\n\n\n<p><strong>Opis przedsi\u0119wzi\u0119cia<\/strong><\/p>\n\n\n\n<p>Przedsi\u0119wzi\u0119cie zak\u0142ada organizacj\u0119 innowacyjnego <strong>muzycznego widowiska multimedialnego<\/strong>, kt\u00f3re po\u0142\u0105czy <strong>tradycyjne polskie kol\u0119dy i pastora\u0142ki<\/strong> z nowoczesnymi technologiami wizualnymi generowanymi przez <strong>sztuczn\u0105 inteligencj\u0119 (AI)<\/strong>. Projekt stanowi nowatorskie po\u0142\u0105czenie dziedzictwa kulturowego z osi\u0105gni\u0119ciami wsp\u00f3\u0142czesnej technologii, prezentuj\u0105c polsk\u0105 tradycj\u0119 w nowoczesnej, atrakcyjnej formie.<\/p>\n\n\n\n<p>Widowisko zostanie zrealizowane przez <strong>Zesp\u00f3\u0142 Ta\u0144ca Ludowego \u201ePruszkowiacy\u201d<\/strong>, znany z profesjonalnych i energetycznych wyst\u0119p\u00f3w scenicznych. Arty\u015bci wykonaj\u0105 najpi\u0119kniejsze polskie kol\u0119dy i pastora\u0142ki ludowe w nowoczesnych aran\u017cacjach muzycznych, dostosowanych do wsp\u00f3\u0142czesnych standard\u00f3w scenicznych. Integralnym elementem koncertu b\u0119d\u0105 <strong>wizualizacje generowane przez systemy sztucznej inteligencji<\/strong>, kt\u00f3re dynamicznie reagowa\u0107 b\u0119d\u0105 na muzyk\u0119 oraz ruchy tancerzy, tworz\u0105c sp\u00f3jn\u0105 i immersyjn\u0105 opraw\u0119 artystyczn\u0105.<\/p>\n\n\n\n<p>Do realizacji wizualizacji zostanie wykorzystane oprogramowanie oparte na technologii AI, takie jak <strong>Midjourney, Runway i Luma Labs<\/strong>, umo\u017cliwiaj\u0105ce tworzenie zaawansowanych animacji w czasie rzeczywistym. Wizualizacje zostan\u0105 wy\u015bwietlone na du\u017cych ekranach, co pozwoli na osi\u0105gni\u0119cie efektu g\u0142\u0119bokiego zanurzenia widz\u00f3w w \u015bwiat muzyki, ta\u0144ca i obrazu.<\/p>\n\n\n\n<p>Projekt ma na celu <strong>promocj\u0119 polskiej kultury i tradycji<\/strong> w nowoczesnej formie oraz <strong>zwi\u0119kszenie atrakcyjno\u015bci wydarze\u0144 kulturalnych<\/strong> w regionie. Inicjatywa wpisuje si\u0119 w nurt \u0142\u0105czenia sztuki z nowymi technologiami, pokazuj\u0105c potencja\u0142 wykorzystania AI w sektorze kultury. Realizacja przedsi\u0119wzi\u0119cia przyczyni si\u0119 r\u00f3wnie\u017c do <strong>rozwoju kompetencji cyfrowych artyst\u00f3w<\/strong>, umo\u017cliwiaj\u0105c im zdobycie do\u015bwiadczenia w pracy z nowoczesnymi narz\u0119dziami multimedialnymi.<\/p>\n\n\n\n<p>Efektem projektu b\u0119dzie wyj\u0105tkowe widowisko artystyczne o wysokim poziomie artystycznym i technologicznym, kt\u00f3re wyr\u00f3\u017cni si\u0119 na tle krajowych wydarze\u0144 kulturalnych, stanowi\u0105c przyk\u0142ad udanego po\u0142\u0105czenia <strong>tradycji, sztuki i innowacji technologicznej<\/strong>.<\/p>\n\n\n\n<figure class=\"wp-block-image size-large\"><img loading=\"lazy\" decoding=\"async\" width=\"1024\" height=\"130\" src=\"https:\/\/pruszkowiacy.pl\/wp-content\/uploads\/2025\/10\/KPO-1024x130.jpg\" alt=\"\" class=\"wp-image-784\" srcset=\"https:\/\/pruszkowiacy.pl\/wp-content\/uploads\/2025\/10\/KPO-1024x130.jpg 1024w, https:\/\/pruszkowiacy.pl\/wp-content\/uploads\/2025\/10\/KPO-300x38.jpg 300w, https:\/\/pruszkowiacy.pl\/wp-content\/uploads\/2025\/10\/KPO-768x97.jpg 768w, https:\/\/pruszkowiacy.pl\/wp-content\/uploads\/2025\/10\/KPO.jpg 1494w\" sizes=\"auto, (max-width: 767px) 89vw, (max-width: 1000px) 54vw, (max-width: 1071px) 543px, 580px\" \/><\/figure>\n","protected":false},"excerpt":{"rendered":"<p>Tytu\u0142 Przedsi\u0119wzi\u0119cia Kol\u0119dy 2.0 Opis przedsi\u0119wzi\u0119cia Przedsi\u0119wzi\u0119cie zak\u0142ada organizacj\u0119 innowacyjnego muzycznego widowiska multimedialnego, kt\u00f3re po\u0142\u0105czy tradycyjne polskie kol\u0119dy i pastora\u0142ki z nowoczesnymi technologiami wizualnymi generowanymi przez sztuczn\u0105 inteligencj\u0119 (AI). Projekt stanowi nowatorskie po\u0142\u0105czenie dziedzictwa kulturowego z osi\u0105gni\u0119ciami wsp\u00f3\u0142czesnej technologii, prezentuj\u0105c polsk\u0105 tradycj\u0119 w nowoczesnej, atrakcyjnej formie. Widowisko zostanie zrealizowane przez Zesp\u00f3\u0142 Ta\u0144ca Ludowego \u201ePruszkowiacy\u201d, znany &hellip; <\/p>\n<p class=\"link-more\"><a href=\"https:\/\/pruszkowiacy.pl\/index.php\/projekty-realizowane-w-ramach-kpo\/\" class=\"more-link\">Czytaj dalej<span class=\"screen-reader-text\"> \u201eProjekty realizowane w\u00a0ramach KPO\u201d<\/span><\/a><\/p>\n","protected":false},"author":1,"featured_media":0,"parent":0,"menu_order":0,"comment_status":"closed","ping_status":"closed","template":"","meta":{"footnotes":""},"class_list":["post-782","page","type-page","status-publish","hentry"],"_links":{"self":[{"href":"https:\/\/pruszkowiacy.pl\/index.php\/wp-json\/wp\/v2\/pages\/782","targetHints":{"allow":["GET"]}}],"collection":[{"href":"https:\/\/pruszkowiacy.pl\/index.php\/wp-json\/wp\/v2\/pages"}],"about":[{"href":"https:\/\/pruszkowiacy.pl\/index.php\/wp-json\/wp\/v2\/types\/page"}],"author":[{"embeddable":true,"href":"https:\/\/pruszkowiacy.pl\/index.php\/wp-json\/wp\/v2\/users\/1"}],"replies":[{"embeddable":true,"href":"https:\/\/pruszkowiacy.pl\/index.php\/wp-json\/wp\/v2\/comments?post=782"}],"version-history":[{"count":2,"href":"https:\/\/pruszkowiacy.pl\/index.php\/wp-json\/wp\/v2\/pages\/782\/revisions"}],"predecessor-version":[{"id":785,"href":"https:\/\/pruszkowiacy.pl\/index.php\/wp-json\/wp\/v2\/pages\/782\/revisions\/785"}],"wp:attachment":[{"href":"https:\/\/pruszkowiacy.pl\/index.php\/wp-json\/wp\/v2\/media?parent=782"}],"curies":[{"name":"wp","href":"https:\/\/api.w.org\/{rel}","templated":true}]}}