{"id":829,"date":"2026-04-20T18:43:36","date_gmt":"2026-04-20T16:43:36","guid":{"rendered":"https:\/\/pruszkowiacy.pl\/?page_id=829"},"modified":"2026-05-05T17:39:22","modified_gmt":"2026-05-05T15:39:22","slug":"pfod","status":"publish","type":"page","link":"https:\/\/pruszkowiacy.pl\/index.php\/pfod\/","title":{"rendered":"PFOD"},"content":{"rendered":"\n<figure class=\"wp-block-image size-full\"><img loading=\"lazy\" decoding=\"async\" width=\"800\" height=\"436\" src=\"https:\/\/pruszkowiacy.pl\/wp-content\/uploads\/2026\/04\/IVPFOD.jpg\" alt=\"\" class=\"wp-image-834\" srcset=\"https:\/\/pruszkowiacy.pl\/wp-content\/uploads\/2026\/04\/IVPFOD.jpg 800w, https:\/\/pruszkowiacy.pl\/wp-content\/uploads\/2026\/04\/IVPFOD-300x164.jpg 300w, https:\/\/pruszkowiacy.pl\/wp-content\/uploads\/2026\/04\/IVPFOD-768x419.jpg 768w\" sizes=\"auto, (max-width: 767px) 89vw, (max-width: 1000px) 54vw, (max-width: 1071px) 543px, 580px\" \/><\/figure>\n\n\n\n<p>Zapraszamy do udzia\u0142u w <strong>IV Pruszkowskim Festiwalu Orkiestr D\u0119tych<\/strong>. Tegoroczna edycja to konkurs o <strong>Puchar Prezydenta Miasta Pruszkowa<\/strong>.<\/p>\n\n\n\n<p>To wyj\u0105tkowe wydarzenie, realizowane w ramach X edycji Bud\u017cetu Obywatelskiego Miasta Pruszkowa, to \u015bwi\u0119to pasji, energii i niesamowitego brzmienia instrument\u00f3w d\u0119tych!<\/p>\n\n\n\n<p>Zg\u0142oszenia przyjmujemy wy\u0142\u0105cznie w dniach: <strong>20.04.2026 \u2013 08.05.2026<\/strong> &#x26a0;&#xfe0f; <em>Uwaga: Jest to termin nieprzekraczalny! Po 8 maja zg\u0142oszenia nie b\u0119d\u0105 przyjmowane.<\/em><\/p>\n\n\n\n<p>&nbsp;Zapraszamy:<\/p>\n\n\n\n<ul class=\"wp-block-list\">\n<li>Amatorskie orkiestry d\u0119te dzia\u0142aj\u0105ce m.in. &nbsp;przy domach kultury, OSP, parafiach, stowarzyszeniach. Zespo\u0142y gotowe na zdrow\u0105, muzyczn\u0105 rywalizacj\u0119!<\/li>\n<\/ul>\n\n\n\n<p>Cele Pruszkowskiego Festiwalu Orkiestr D\u0119tych:<\/p>\n\n\n\n<ul class=\"wp-block-list\">\n<li>Popularyzacja amatorskiego ruchu muzycznego i tw\u00f3rczo\u015bci orkiestr d\u0119tych.<\/li>\n\n\n\n<li>Wymiana do\u015bwiadcze\u0144 mi\u0119dzy muzykami i dyrygentami z r\u00f3\u017cnych zak\u0105tk\u00f3w kraju.<\/li>\n\n\n\n<li>Dostarczenie mieszka\u0144com Pruszkowa wysokiej jako\u015bci oferty kulturalnej i wsp\u00f3lna zabawa przy d\u017awi\u0119kach marsz\u00f3w oraz standard\u00f3w muzyki rozrywkowej.<\/li>\n\n\n\n<li>Kszta\u0142towanie wra\u017cliwo\u015bci muzycznej w\u015br\u00f3d dzieci, m\u0142odzie\u017cy i doros\u0142ych.<\/li>\n<\/ul>\n\n\n\n<p>G\u0142\u00f3wnym trofeum jest <strong>Puchar Prezydenta Miasta Pruszkowa<\/strong> oraz nagrody finansowe przewidziane przez organizator\u00f3w. To nie tylko presti\u017c, ale te\u017c szansa na zaprezentowanie si\u0119 przed wspania\u0142\u0105 pruszkowsk\u0105 publiczno\u015bci\u0105!<\/p>\n\n\n\n<p>Zapraszamy do zapoznania si\u0119 Regulaminem wydarzenia: <a href=\"https:\/\/pruszkowiacy.pl\/wp-content\/uploads\/2026\/04\/Regulamin-IV-PFOD-final.pdf\">REGULAMIN  IV PFOD<\/a><\/p>\n\n\n\n<p>Zainteresowanych udzia\u0142em w wydarzeniu prosimy o terminowe przes\u0142anie <a href=\"https:\/\/pruszkowiacy.pl\/wp-content\/uploads\/2026\/04\/KARTA-ZGLOSZENIA-IV-PFOD.docx\">KARTY ZG\u0141OSZENIA<\/a> na adres e-mail: <a href=\"mailto:pfod@pruszkowacy.pl\">pfod@pruszkowacy.pl<\/a><\/p>\n\n\n\n<p><strong>Do pobrania:<\/strong><\/p>\n\n\n\n<p><a href=\"https:\/\/pruszkowiacy.pl\/wp-content\/uploads\/2026\/04\/Regulamin-IV-PFOD-final.pdf\">REGULAMIN<\/a><\/p>\n\n\n\n<p><a href=\"https:\/\/pruszkowiacy.pl\/wp-content\/uploads\/2026\/04\/KARTA-ZGLOSZENIA-IV-PFOD.docx\">KARTA ZG\u0141OSZENIA<\/a><\/p>\n\n\n\n<figure data-wp-context=\"{&quot;imageId&quot;:&quot;69fb0b01b8c3f&quot;}\" data-wp-interactive=\"core\/image\" data-wp-key=\"69fb0b01b8c3f\" class=\"wp-block-image size-full wp-lightbox-container\"><img loading=\"lazy\" decoding=\"async\" width=\"1000\" height=\"136\" data-wp-class--hide=\"state.isContentHidden\" data-wp-class--show=\"state.isContentVisible\" data-wp-init=\"callbacks.setButtonStyles\" data-wp-on--click=\"actions.showLightbox\" data-wp-on--load=\"callbacks.setButtonStyles\" data-wp-on-window--resize=\"callbacks.setButtonStyles\" src=\"https:\/\/pruszkowiacy.pl\/wp-content\/uploads\/2026\/05\/baner_2026.jpg\" alt=\"\" class=\"wp-image-843\" srcset=\"https:\/\/pruszkowiacy.pl\/wp-content\/uploads\/2026\/05\/baner_2026.jpg 1000w, https:\/\/pruszkowiacy.pl\/wp-content\/uploads\/2026\/05\/baner_2026-300x41.jpg 300w, https:\/\/pruszkowiacy.pl\/wp-content\/uploads\/2026\/05\/baner_2026-768x104.jpg 768w\" sizes=\"auto, (max-width: 767px) 89vw, (max-width: 1000px) 54vw, (max-width: 1071px) 543px, 580px\" \/><button\n\t\t\tclass=\"lightbox-trigger\"\n\t\t\ttype=\"button\"\n\t\t\taria-haspopup=\"dialog\"\n\t\t\taria-label=\"Powi\u0119ksz\"\n\t\t\tdata-wp-init=\"callbacks.initTriggerButton\"\n\t\t\tdata-wp-on--click=\"actions.showLightbox\"\n\t\t\tdata-wp-style--right=\"state.imageButtonRight\"\n\t\t\tdata-wp-style--top=\"state.imageButtonTop\"\n\t\t>\n\t\t\t<svg xmlns=\"http:\/\/www.w3.org\/2000\/svg\" width=\"12\" height=\"12\" fill=\"none\" viewBox=\"0 0 12 12\">\n\t\t\t\t<path fill=\"#fff\" d=\"M2 0a2 2 0 0 0-2 2v2h1.5V2a.5.5 0 0 1 .5-.5h2V0H2Zm2 10.5H2a.5.5 0 0 1-.5-.5V8H0v2a2 2 0 0 0 2 2h2v-1.5ZM8 12v-1.5h2a.5.5 0 0 0 .5-.5V8H12v2a2 2 0 0 1-2 2H8Zm2-12a2 2 0 0 1 2 2v2h-1.5V2a.5.5 0 0 0-.5-.5H8V0h2Z\" \/>\n\t\t\t<\/svg>\n\t\t<\/button><\/figure>\n\n\n\n<p><\/p>\n","protected":false},"excerpt":{"rendered":"<p>Zapraszamy do udzia\u0142u w IV Pruszkowskim Festiwalu Orkiestr D\u0119tych. Tegoroczna edycja to konkurs o Puchar Prezydenta Miasta Pruszkowa. To wyj\u0105tkowe wydarzenie, realizowane w ramach X edycji Bud\u017cetu Obywatelskiego Miasta Pruszkowa, to \u015bwi\u0119to pasji, energii i niesamowitego brzmienia instrument\u00f3w d\u0119tych! Zg\u0142oszenia przyjmujemy wy\u0142\u0105cznie w dniach: 20.04.2026 \u2013 08.05.2026 &#x26a0;&#xfe0f; Uwaga: Jest to termin nieprzekraczalny! Po 8 &hellip; <\/p>\n<p class=\"link-more\"><a href=\"https:\/\/pruszkowiacy.pl\/index.php\/pfod\/\" class=\"more-link\">Czytaj dalej<span class=\"screen-reader-text\"> \u201ePFOD\u201d<\/span><\/a><\/p>\n","protected":false},"author":1,"featured_media":0,"parent":0,"menu_order":0,"comment_status":"closed","ping_status":"closed","template":"","meta":{"footnotes":""},"class_list":["post-829","page","type-page","status-publish","hentry"],"_links":{"self":[{"href":"https:\/\/pruszkowiacy.pl\/index.php\/wp-json\/wp\/v2\/pages\/829","targetHints":{"allow":["GET"]}}],"collection":[{"href":"https:\/\/pruszkowiacy.pl\/index.php\/wp-json\/wp\/v2\/pages"}],"about":[{"href":"https:\/\/pruszkowiacy.pl\/index.php\/wp-json\/wp\/v2\/types\/page"}],"author":[{"embeddable":true,"href":"https:\/\/pruszkowiacy.pl\/index.php\/wp-json\/wp\/v2\/users\/1"}],"replies":[{"embeddable":true,"href":"https:\/\/pruszkowiacy.pl\/index.php\/wp-json\/wp\/v2\/comments?post=829"}],"version-history":[{"count":7,"href":"https:\/\/pruszkowiacy.pl\/index.php\/wp-json\/wp\/v2\/pages\/829\/revisions"}],"predecessor-version":[{"id":846,"href":"https:\/\/pruszkowiacy.pl\/index.php\/wp-json\/wp\/v2\/pages\/829\/revisions\/846"}],"wp:attachment":[{"href":"https:\/\/pruszkowiacy.pl\/index.php\/wp-json\/wp\/v2\/media?parent=829"}],"curies":[{"name":"wp","href":"https:\/\/api.w.org\/{rel}","templated":true}]}}