{"id":855,"date":"2026-05-08T16:11:26","date_gmt":"2026-05-08T14:11:26","guid":{"rendered":"https:\/\/pruszkowiacy.pl\/?page_id=855"},"modified":"2026-05-08T16:23:03","modified_gmt":"2026-05-08T14:23:03","slug":"miedzynarodowy-festiwal-par-tanecznych-w-pruszkowie","status":"publish","type":"page","link":"https:\/\/pruszkowiacy.pl\/index.php\/miedzynarodowy-festiwal-par-tanecznych-w-pruszkowie\/","title":{"rendered":"Mi\u0119dzynarodowy Festiwal Par Tanecznych w Pruszkowie"},"content":{"rendered":"\n<p>W ramach wsp\u00f3\u0142pracy Zespo\u0142u Ta\u0144ca Ludowego \u201ePruszkowiacy\u201d z Ludowym Zespo\u0142em Artystycznym \u201ePromni\u201d z SGGW odb\u0119dzie si\u0119 wyj\u0105tkowe wydarzenie. Wielki fina\u0142 Mi\u0119dzynarodowy Festiwal Par Tanecznych w Centrum Kultury i Sportu w Pruszkowie.<\/p>\n\n\n\n<p>Polscy najlepsi soli\u015bci, wielokrotnie nagradzani na krajowych scenach, rzucaj\u0105 wyzwanie mistrzom z ca\u0142ego \u015bwiata! Poznamy tancerzy z Meksyku, Mongolii, Senegalu, Rumunii, W\u0119gier, Kosowa, Albanii i Ukrainy&nbsp;&nbsp;&nbsp;&nbsp;&nbsp;&nbsp;&nbsp;&nbsp;<\/p>\n\n\n\n<p>NIEDZIELA | 17 MAJA | Sala Widowiskowa CKiS w Pruszkowie<\/p>\n\n\n\n<p>18:00 &#8211; Wielki fina\u0142 Mi\u0119dzynarodowego Festiwalu Par Tanecznych i wsp\u00f3lny koncert LZA PROMNI oraz ZTL \u201ePruszkowiacy\u201d.<\/p>\n\n\n\n<p>Wydarzenie odbywa si\u0119 w roku 210 lecia Szko\u0142y G\u0142\u00f3wnej Gospodarstwa Wiejskiego w Warszawie, oraz 110 lecia Miasta Pruszkowa.<\/p>\n\n\n\n<p>Czekamy na Was!<\/p>\n\n\n\n<p>&#8222;Promni&#8221; to zesp\u00f3\u0142 studencki, prowadz\u0105cy swoj\u0105 dzia\u0142alno\u015b\u0107 tak\u017ce w obszarze par tanecznych. &#8222;Pruszkowiacy&#8221; od 5 lat organizuj\u0105 Pruszkowski Dzie\u0144 Folkloru &#8211; jednodniowy festiwal dla zespo\u0142\u00f3w krajowych. Teraz wsp\u00f3lnie otwieramy nowy rozdzia\u0142 historii festiwali folklorystycznych. Jego nast\u0119pny sw\u00f3j odcinek b\u0119dzie mia\u0142 miejsce we wrze\u015bniu podczas mi\u0119dzynarodowego festiwalu folklorystycznego &#8211; Mazovia Folk Festival w Pruszkowie.<\/p>\n\n\n\n<p>Wej\u015bci\u00f3wki na Mi\u0119dzynarodowy Festiwal Par Tanecznych w Pruszkowie dost\u0119pne po linkiem <strong><a href=\"https:\/\/app.evenea.pl\/event\/mfpt\/\">https:\/\/app.evenea.pl\/event\/mfpt\/<\/a> \u00a0<\/strong>od poniedzia\u0142ku 11.05.2026 od godz. 18.00.<\/p>\n\n\n\n<figure class=\"wp-block-image size-large\"><img loading=\"lazy\" decoding=\"async\" width=\"731\" height=\"1024\" src=\"https:\/\/pruszkowiacy.pl\/wp-content\/uploads\/2026\/05\/MFPT-731x1024.jpg\" alt=\"\" class=\"wp-image-854\" srcset=\"https:\/\/pruszkowiacy.pl\/wp-content\/uploads\/2026\/05\/MFPT-731x1024.jpg 731w, https:\/\/pruszkowiacy.pl\/wp-content\/uploads\/2026\/05\/MFPT-214x300.jpg 214w, https:\/\/pruszkowiacy.pl\/wp-content\/uploads\/2026\/05\/MFPT-768x1076.jpg 768w, https:\/\/pruszkowiacy.pl\/wp-content\/uploads\/2026\/05\/MFPT-1096x1536.jpg 1096w, https:\/\/pruszkowiacy.pl\/wp-content\/uploads\/2026\/05\/MFPT-1461x2048.jpg 1461w, https:\/\/pruszkowiacy.pl\/wp-content\/uploads\/2026\/05\/MFPT-scaled.jpg 1826w\" sizes=\"auto, (max-width: 731px) 100vw, 731px\" \/><\/figure>\n","protected":false},"excerpt":{"rendered":"<p>W ramach wsp\u00f3\u0142pracy Zespo\u0142u Ta\u0144ca Ludowego \u201ePruszkowiacy\u201d z Ludowym Zespo\u0142em Artystycznym \u201ePromni\u201d z SGGW odb\u0119dzie si\u0119 wyj\u0105tkowe wydarzenie. Wielki fina\u0142 Mi\u0119dzynarodowy Festiwal Par Tanecznych w Centrum Kultury i Sportu w Pruszkowie. Polscy najlepsi soli\u015bci, wielokrotnie nagradzani na krajowych scenach, rzucaj\u0105 wyzwanie mistrzom z ca\u0142ego \u015bwiata! Poznamy tancerzy z Meksyku, Mongolii, Senegalu, Rumunii, W\u0119gier, Kosowa, Albanii &hellip; <\/p>\n<p class=\"link-more\"><a href=\"https:\/\/pruszkowiacy.pl\/index.php\/miedzynarodowy-festiwal-par-tanecznych-w-pruszkowie\/\" class=\"more-link\">Czytaj dalej<span class=\"screen-reader-text\"> \u201eMi\u0119dzynarodowy Festiwal Par Tanecznych w Pruszkowie\u201d<\/span><\/a><\/p>\n","protected":false},"author":1,"featured_media":0,"parent":0,"menu_order":0,"comment_status":"closed","ping_status":"closed","template":"","meta":{"footnotes":""},"class_list":["post-855","page","type-page","status-publish","hentry"],"_links":{"self":[{"href":"https:\/\/pruszkowiacy.pl\/index.php\/wp-json\/wp\/v2\/pages\/855","targetHints":{"allow":["GET"]}}],"collection":[{"href":"https:\/\/pruszkowiacy.pl\/index.php\/wp-json\/wp\/v2\/pages"}],"about":[{"href":"https:\/\/pruszkowiacy.pl\/index.php\/wp-json\/wp\/v2\/types\/page"}],"author":[{"embeddable":true,"href":"https:\/\/pruszkowiacy.pl\/index.php\/wp-json\/wp\/v2\/users\/1"}],"replies":[{"embeddable":true,"href":"https:\/\/pruszkowiacy.pl\/index.php\/wp-json\/wp\/v2\/comments?post=855"}],"version-history":[{"count":4,"href":"https:\/\/pruszkowiacy.pl\/index.php\/wp-json\/wp\/v2\/pages\/855\/revisions"}],"predecessor-version":[{"id":862,"href":"https:\/\/pruszkowiacy.pl\/index.php\/wp-json\/wp\/v2\/pages\/855\/revisions\/862"}],"wp:attachment":[{"href":"https:\/\/pruszkowiacy.pl\/index.php\/wp-json\/wp\/v2\/media?parent=855"}],"curies":[{"name":"wp","href":"https:\/\/api.w.org\/{rel}","templated":true}]}}